{"id":2109,"date":"2019-06-10T11:54:27","date_gmt":"2019-06-10T14:54:27","guid":{"rendered":"http:\/\/dunia.cc\/?page_id=2109"},"modified":"2026-02-23T15:16:12","modified_gmt":"2026-02-23T18:16:12","slug":"plataforma-dunia","status":"publish","type":"page","link":"https:\/\/dunia.earth\/es\/plataforma-dunia\/","title":{"rendered":"Plataforma Dunia"},"content":{"rendered":"<div class=\"wpb-content-wrapper\"><p>[vc_row gap=\u00bb30&#8243; content_placement=\u00bbmiddle\u00bb css=\u00bb.vc_custom_1771539230263{margin-bottom: 30px !important;}\u00bb][vc_column width=\u00bb1\/3&#8243;][vc_single_image image=\u00bb5027&#8243; img_size=\u00bbmedium\u00bb css=\u00bb\u00bb][\/vc_column][vc_column width=\u00bb2\/3&#8243;][vc_column_text css=\u00bb\u00bb]<\/p>\n<h3>Abordar los nuevos retos informacionales<\/h3>\n<p>Dunia naci\u00f3 inicialmente como una <strong>plataforma de comunicaci\u00f3n electr\u00f3nica<\/strong> durante la Cumbre de los Pueblos R\u00edo+20, celebrada en Brasil en 2012. En aquel momento, los retos planteados por la <strong>sustentabilidad<\/strong> cobraron a\u00fan m\u00e1s importancia que en d\u00e9cadas anteriores. Las <strong>correlaciones de fuerza geoecon\u00f3micas y geopol\u00edticas<\/strong> hab\u00edan adquirido adem\u00e1s una nueva dimensi\u00f3n con la creaci\u00f3n de los pa\u00edses BRICS y la entrada de China en la OMC en 2001.<\/p>\n<p>Paralelamente, la comunicaci\u00f3n y el espacio electr\u00f3nico se hab\u00edan convertido en una<strong> dimensi\u00f3n estrat\u00e9gica<\/strong>, comenzando a inmiscuirse en todas las actividades humanas. Desde la influencia hasta la monetizaci\u00f3n de los datos, pasando por los flujos financieros, los procesos electorales y las guerras informacionales, la informaci\u00f3n hab\u00eda establecido, lo queremos o no, una nueva dimensi\u00f3n interdependiente que hab\u00eda que <strong>aprender a descifrar, observar, regular y asociar a otros retos locales y planetarios<\/strong>.<\/p>\n<p>[\/vc_column_text][\/vc_column][\/vc_row][vc_row gap=\u00bb30&#8243; content_placement=\u00bbmiddle\u00bb css=\u00bb.vc_custom_1771539238988{margin-bottom: 30px !important;}\u00bb][vc_column width=\u00bb1\/3&#8243;][vc_single_image image=\u00bb2867&#8243; img_size=\u00bblarge\u00bb css=\u00bb\u00bb][\/vc_column][vc_column width=\u00bb2\/3&#8243;][vc_column_text css=\u00bb\u00bb]<\/p>\n<h3>Sostener la acci\u00f3n en red<\/h3>\n<p>En este sentido, una de las prioridades fue <strong>apropiarse de las herramientas<\/strong> que ofrece la <strong>informatizaci\u00f3n del mundo<\/strong>, con el fin de <strong>consolidar la transparencia y la democratizaci\u00f3n<\/strong> de las herramientas digitales. Este primer enfoque, a menudo impulsado por la sociedad civil (Nuevo orden informacional y comunicacional, Declaraci\u00f3n de independencia del ciberespacio, etc.), consisti\u00f3 en <strong>desarrollar una oferta de herramientas abiertas y soberanas<\/strong>, orientadas a un uso ciudadano, pero tambi\u00e9n econ\u00f3mico e institucional, adem\u00e1s de campa\u00f1as de defensa de una visi\u00f3n no monopol\u00edstica del ciberespacio. Desde entonces, la tendencia a la <strong>monopolizaci\u00f3n<\/strong> se ha acentuado.<\/p>\n<p>Una segunda prioridad consisti\u00f3 en <strong>desarrollar sinergias<\/strong> entre la acci\u00f3n colectiva, las organizaciones y las herramientas inform\u00e1ticas. De hecho, muchos de los retos no se sit\u00faan tanto en la divisi\u00f3n sectorial entre problem\u00e1ticas, sino en su intersecci\u00f3n, entre la acci\u00f3n sobre el terreno, el conocimiento y la reflexi\u00f3n estrat\u00e9gica. As\u00ed, Dunia ha participado en diferentes <strong>experimentos metodol\u00f3gicos<\/strong>.<\/p>\n<p>[\/vc_column_text][\/vc_column][\/vc_row][vc_row gap=\u00bb30&#8243;][vc_column width=\u00bb1\/3&#8243;][vc_single_image image=\u00bb7590&#8243; img_size=\u00bblarge\u00bb alignment=\u00bbcenter\u00bb style=\u00bbvc_box_rounded\u00bb css=\u00bb\u00bb][\/vc_column][vc_column width=\u00bb2\/3&#8243;][vc_column_text css=\u00bb\u00bb]<\/p>\n<h3>Actuar en el terreno inmaterial<\/h3>\n<p>Tras diez a\u00f1os de actividad, Dunia constat\u00f3 que se estaban desarrollando <strong>din\u00e1micas mucho m\u00e1s amplias y ofensivas en el \u00e1mbito de la informaci\u00f3n<\/strong>. La <strong>conflictividad<\/strong> se ha ampliado considerablemente. El \u00e1mbito \u00abinmaterial\u00bb abarca ahora <strong>nuevas maniobras estrat\u00e9gicas<\/strong>, cuya fisonom\u00eda ha sido reconfigurada por las nuevas tecnolog\u00edas de la informaci\u00f3n, aunque son muy anteriores al inicio de la informatizaci\u00f3n a partir de 1975. En consecuencia, surgi\u00f3 un nuevo arte de combate, requiriendo una reflexi\u00f3n amplia y una mejora estrat\u00e9gica.<\/p>\n<p>Desde entonces, Dunia se ha involucrado metodol\u00f3gica e intelectualmente en el campo de la conflictividad informativa, econ\u00f3mica y geopol\u00edtica. Desde 2019, la plataforma se reorient\u00f3 hacia cuatro tipos de actividades:<\/p>\n<ul>\n<li>Los <strong>servicios inform\u00e1ticos<\/strong> prestados a organizaciones, redes y empresas.<\/li>\n<li>El <strong>asesoramiento y la formaci\u00f3n<\/strong> en inteligencia estrat\u00e9gica, informacional y econ\u00f3mica<\/li>\n<li>La <strong>producci\u00f3n de conocimientos<\/strong>, en particular a trav\u00e9s de libros y la publicaci\u00f3n de art\u00edculos<\/li>\n<li>La <strong>toma de iniciativas<\/strong> en estos diferentes \u00e1mbitos (negocios, redes, etc.).<\/li>\n<\/ul>\n<p>[\/vc_column_text][\/vc_column][\/vc_row]<\/p>\n<\/div>","protected":false},"excerpt":{"rendered":"<p>[vc_row gap=\u00bb30&#8243; content_placement=\u00bbmiddle\u00bb css=\u00bb.vc_custom_1771539230263{margin-bottom: 30px !important;}\u00bb][vc_column width=\u00bb1\/3&#8243;][vc_single_image image=\u00bb5027&#8243; img_size=\u00bbmedium\u00bb css=\u00bb\u00bb][\/vc_column][vc_column width=\u00bb2\/3&#8243;][vc_column_text css=\u00bb\u00bb] Abordar los nuevos retos informacionales Dunia naci\u00f3 inicialmente como una plataforma de comunicaci\u00f3n electr\u00f3nica durante la Cumbre de los Pueblos R\u00edo+20, celebrada en Brasil en 2012. En aquel momento, los retos planteados por la sustentabilidad cobraron a\u00fan m\u00e1s importancia que en d\u00e9cadas anteriores.&hellip;<\/p>\n","protected":false},"author":2,"featured_media":1852,"parent":0,"menu_order":0,"comment_status":"closed","ping_status":"open","template":"","meta":{"footnotes":""},"class_list":["post-2109","page","type-page","status-publish","has-post-thumbnail","hentry","description-off"],"yoast_head":"<!-- This site is optimized with the Yoast SEO plugin v27.3 - https:\/\/yoast.com\/product\/yoast-seo-wordpress\/ -->\n<title>Plataforma Dunia - Plataforma Dunia<\/title>\n<meta name=\"robots\" content=\"index, follow, max-snippet:-1, max-image-preview:large, max-video-preview:-1\" \/>\n<link rel=\"canonical\" href=\"https:\/\/dunia.earth\/es\/plataforma-dunia\/\" \/>\n<meta property=\"og:locale\" content=\"es_ES\" \/>\n<meta property=\"og:type\" content=\"article\" \/>\n<meta property=\"og:title\" content=\"Plataforma Dunia - Plataforma Dunia\" \/>\n<meta property=\"og:description\" content=\"[vc_row gap=\u00bb30&#8243; content_placement=\u00bbmiddle\u00bb css=\u00bb.vc_custom_1771539230263{margin-bottom: 30px !important;}\u00bb][vc_column width=\u00bb1\/3&#8243;][vc_single_image image=\u00bb5027&#8243; img_size=\u00bbmedium\u00bb css=\u00bb\u00bb][\/vc_column][vc_column width=\u00bb2\/3&#8243;][vc_column_text css=\u00bb\u00bb] Abordar los nuevos retos informacionales Dunia naci\u00f3 inicialmente como una plataforma de comunicaci\u00f3n electr\u00f3nica durante la Cumbre de los Pueblos R\u00edo+20, celebrada en Brasil en 2012. En aquel momento, los retos planteados por la sustentabilidad cobraron a\u00fan m\u00e1s importancia que en d\u00e9cadas anteriores.&hellip;\" \/>\n<meta property=\"og:url\" content=\"https:\/\/dunia.earth\/es\/plataforma-dunia\/\" \/>\n<meta property=\"og:site_name\" content=\"Plataforma Dunia\" \/>\n<meta property=\"article:modified_time\" content=\"2026-02-23T18:16:12+00:00\" \/>\n<meta property=\"og:image\" content=\"https:\/\/dunia.earth\/wp-content\/uploads\/sites\/20\/2019\/05\/epoxt_dunia.jpg\" \/>\n\t<meta property=\"og:image:width\" content=\"1920\" \/>\n\t<meta property=\"og:image:height\" content=\"1920\" \/>\n\t<meta property=\"og:image:type\" content=\"image\/jpeg\" \/>\n<meta name=\"twitter:card\" content=\"summary_large_image\" \/>\n<meta name=\"twitter:label1\" content=\"Tiempo de lectura\" \/>\n\t<meta name=\"twitter:data1\" content=\"3 minutos\" \/>\n<script type=\"application\/ld+json\" class=\"yoast-schema-graph\">{\"@context\":\"https:\\\/\\\/schema.org\",\"@graph\":[{\"@type\":\"WebPage\",\"@id\":\"https:\\\/\\\/dunia.earth\\\/es\\\/plataforma-dunia\\\/\",\"url\":\"https:\\\/\\\/dunia.earth\\\/es\\\/plataforma-dunia\\\/\",\"name\":\"Plataforma Dunia - Plataforma Dunia\",\"isPartOf\":{\"@id\":\"https:\\\/\\\/dunia.earth\\\/#website\"},\"primaryImageOfPage\":{\"@id\":\"https:\\\/\\\/dunia.earth\\\/es\\\/plataforma-dunia\\\/#primaryimage\"},\"image\":{\"@id\":\"https:\\\/\\\/dunia.earth\\\/es\\\/plataforma-dunia\\\/#primaryimage\"},\"thumbnailUrl\":\"https:\\\/\\\/dunia.earth\\\/wp-content\\\/uploads\\\/sites\\\/20\\\/2019\\\/05\\\/epoxt_dunia.jpg\",\"datePublished\":\"2019-06-10T14:54:27+00:00\",\"dateModified\":\"2026-02-23T18:16:12+00:00\",\"breadcrumb\":{\"@id\":\"https:\\\/\\\/dunia.earth\\\/es\\\/plataforma-dunia\\\/#breadcrumb\"},\"inLanguage\":\"es\",\"potentialAction\":[{\"@type\":\"ReadAction\",\"target\":[\"https:\\\/\\\/dunia.earth\\\/es\\\/plataforma-dunia\\\/\"]}]},{\"@type\":\"ImageObject\",\"inLanguage\":\"es\",\"@id\":\"https:\\\/\\\/dunia.earth\\\/es\\\/plataforma-dunia\\\/#primaryimage\",\"url\":\"https:\\\/\\\/dunia.earth\\\/wp-content\\\/uploads\\\/sites\\\/20\\\/2019\\\/05\\\/epoxt_dunia.jpg\",\"contentUrl\":\"https:\\\/\\\/dunia.earth\\\/wp-content\\\/uploads\\\/sites\\\/20\\\/2019\\\/05\\\/epoxt_dunia.jpg\",\"width\":1920,\"height\":1920},{\"@type\":\"BreadcrumbList\",\"@id\":\"https:\\\/\\\/dunia.earth\\\/es\\\/plataforma-dunia\\\/#breadcrumb\",\"itemListElement\":[{\"@type\":\"ListItem\",\"position\":1,\"name\":\"In\u00edcio\",\"item\":\"https:\\\/\\\/dunia.earth\\\/es\\\/\"},{\"@type\":\"ListItem\",\"position\":2,\"name\":\"Plataforma Dunia\"}]},{\"@type\":\"WebSite\",\"@id\":\"https:\\\/\\\/dunia.earth\\\/#website\",\"url\":\"https:\\\/\\\/dunia.earth\\\/\",\"name\":\"Plataforma Dunia\",\"description\":\"Herramientas digitales libres y comunicaci\u00f3n en red al servicio de las transiciones geopol\u00edticas y ciudadanas\",\"publisher\":{\"@id\":\"https:\\\/\\\/dunia.earth\\\/#organization\"},\"potentialAction\":[{\"@type\":\"SearchAction\",\"target\":{\"@type\":\"EntryPoint\",\"urlTemplate\":\"https:\\\/\\\/dunia.earth\\\/?s={search_term_string}\"},\"query-input\":{\"@type\":\"PropertyValueSpecification\",\"valueRequired\":true,\"valueName\":\"search_term_string\"}}],\"inLanguage\":\"es\"},{\"@type\":\"Organization\",\"@id\":\"https:\\\/\\\/dunia.earth\\\/#organization\",\"name\":\"Dunia\",\"url\":\"https:\\\/\\\/dunia.earth\\\/\",\"logo\":{\"@type\":\"ImageObject\",\"inLanguage\":\"es\",\"@id\":\"https:\\\/\\\/dunia.earth\\\/#\\\/schema\\\/logo\\\/image\\\/\",\"url\":\"https:\\\/\\\/dunia.earth\\\/wp-content\\\/uploads\\\/sites\\\/20\\\/2018\\\/01\\\/ellipse4853.png\",\"contentUrl\":\"https:\\\/\\\/dunia.earth\\\/wp-content\\\/uploads\\\/sites\\\/20\\\/2018\\\/01\\\/ellipse4853.png\",\"width\":300,\"height\":307,\"caption\":\"Dunia\"},\"image\":{\"@id\":\"https:\\\/\\\/dunia.earth\\\/#\\\/schema\\\/logo\\\/image\\\/\"}}]}<\/script>\n<!-- \/ Yoast SEO plugin. -->","yoast_head_json":{"title":"Plataforma Dunia - Plataforma Dunia","robots":{"index":"index","follow":"follow","max-snippet":"max-snippet:-1","max-image-preview":"max-image-preview:large","max-video-preview":"max-video-preview:-1"},"canonical":"https:\/\/dunia.earth\/es\/plataforma-dunia\/","og_locale":"es_ES","og_type":"article","og_title":"Plataforma Dunia - Plataforma Dunia","og_description":"[vc_row gap=\u00bb30&#8243; content_placement=\u00bbmiddle\u00bb css=\u00bb.vc_custom_1771539230263{margin-bottom: 30px !important;}\u00bb][vc_column width=\u00bb1\/3&#8243;][vc_single_image image=\u00bb5027&#8243; img_size=\u00bbmedium\u00bb css=\u00bb\u00bb][\/vc_column][vc_column width=\u00bb2\/3&#8243;][vc_column_text css=\u00bb\u00bb] Abordar los nuevos retos informacionales Dunia naci\u00f3 inicialmente como una plataforma de comunicaci\u00f3n electr\u00f3nica durante la Cumbre de los Pueblos R\u00edo+20, celebrada en Brasil en 2012. En aquel momento, los retos planteados por la sustentabilidad cobraron a\u00fan m\u00e1s importancia que en d\u00e9cadas anteriores.&hellip;","og_url":"https:\/\/dunia.earth\/es\/plataforma-dunia\/","og_site_name":"Plataforma Dunia","article_modified_time":"2026-02-23T18:16:12+00:00","og_image":[{"width":1920,"height":1920,"url":"https:\/\/dunia.earth\/wp-content\/uploads\/sites\/20\/2019\/05\/epoxt_dunia.jpg","type":"image\/jpeg"}],"twitter_card":"summary_large_image","twitter_misc":{"Tiempo de lectura":"3 minutos"},"schema":{"@context":"https:\/\/schema.org","@graph":[{"@type":"WebPage","@id":"https:\/\/dunia.earth\/es\/plataforma-dunia\/","url":"https:\/\/dunia.earth\/es\/plataforma-dunia\/","name":"Plataforma Dunia - Plataforma Dunia","isPartOf":{"@id":"https:\/\/dunia.earth\/#website"},"primaryImageOfPage":{"@id":"https:\/\/dunia.earth\/es\/plataforma-dunia\/#primaryimage"},"image":{"@id":"https:\/\/dunia.earth\/es\/plataforma-dunia\/#primaryimage"},"thumbnailUrl":"https:\/\/dunia.earth\/wp-content\/uploads\/sites\/20\/2019\/05\/epoxt_dunia.jpg","datePublished":"2019-06-10T14:54:27+00:00","dateModified":"2026-02-23T18:16:12+00:00","breadcrumb":{"@id":"https:\/\/dunia.earth\/es\/plataforma-dunia\/#breadcrumb"},"inLanguage":"es","potentialAction":[{"@type":"ReadAction","target":["https:\/\/dunia.earth\/es\/plataforma-dunia\/"]}]},{"@type":"ImageObject","inLanguage":"es","@id":"https:\/\/dunia.earth\/es\/plataforma-dunia\/#primaryimage","url":"https:\/\/dunia.earth\/wp-content\/uploads\/sites\/20\/2019\/05\/epoxt_dunia.jpg","contentUrl":"https:\/\/dunia.earth\/wp-content\/uploads\/sites\/20\/2019\/05\/epoxt_dunia.jpg","width":1920,"height":1920},{"@type":"BreadcrumbList","@id":"https:\/\/dunia.earth\/es\/plataforma-dunia\/#breadcrumb","itemListElement":[{"@type":"ListItem","position":1,"name":"In\u00edcio","item":"https:\/\/dunia.earth\/es\/"},{"@type":"ListItem","position":2,"name":"Plataforma Dunia"}]},{"@type":"WebSite","@id":"https:\/\/dunia.earth\/#website","url":"https:\/\/dunia.earth\/","name":"Plataforma Dunia","description":"Herramientas digitales libres y comunicaci\u00f3n en red al servicio de las transiciones geopol\u00edticas y ciudadanas","publisher":{"@id":"https:\/\/dunia.earth\/#organization"},"potentialAction":[{"@type":"SearchAction","target":{"@type":"EntryPoint","urlTemplate":"https:\/\/dunia.earth\/?s={search_term_string}"},"query-input":{"@type":"PropertyValueSpecification","valueRequired":true,"valueName":"search_term_string"}}],"inLanguage":"es"},{"@type":"Organization","@id":"https:\/\/dunia.earth\/#organization","name":"Dunia","url":"https:\/\/dunia.earth\/","logo":{"@type":"ImageObject","inLanguage":"es","@id":"https:\/\/dunia.earth\/#\/schema\/logo\/image\/","url":"https:\/\/dunia.earth\/wp-content\/uploads\/sites\/20\/2018\/01\/ellipse4853.png","contentUrl":"https:\/\/dunia.earth\/wp-content\/uploads\/sites\/20\/2018\/01\/ellipse4853.png","width":300,"height":307,"caption":"Dunia"},"image":{"@id":"https:\/\/dunia.earth\/#\/schema\/logo\/image\/"}}]}},"_links":{"self":[{"href":"https:\/\/dunia.earth\/es\/wp-json\/wp\/v2\/pages\/2109","targetHints":{"allow":["GET"]}}],"collection":[{"href":"https:\/\/dunia.earth\/es\/wp-json\/wp\/v2\/pages"}],"about":[{"href":"https:\/\/dunia.earth\/es\/wp-json\/wp\/v2\/types\/page"}],"author":[{"embeddable":true,"href":"https:\/\/dunia.earth\/es\/wp-json\/wp\/v2\/users\/2"}],"replies":[{"embeddable":true,"href":"https:\/\/dunia.earth\/es\/wp-json\/wp\/v2\/comments?post=2109"}],"version-history":[{"count":5,"href":"https:\/\/dunia.earth\/es\/wp-json\/wp\/v2\/pages\/2109\/revisions"}],"predecessor-version":[{"id":7832,"href":"https:\/\/dunia.earth\/es\/wp-json\/wp\/v2\/pages\/2109\/revisions\/7832"}],"wp:featuredmedia":[{"embeddable":true,"href":"https:\/\/dunia.earth\/es\/wp-json\/wp\/v2\/media\/1852"}],"wp:attachment":[{"href":"https:\/\/dunia.earth\/es\/wp-json\/wp\/v2\/media?parent=2109"}],"curies":[{"name":"wp","href":"https:\/\/api.w.org\/{rel}","templated":true}]}}