{"id":2113,"date":"2019-06-10T11:57:58","date_gmt":"2019-06-10T14:57:58","guid":{"rendered":"http:\/\/dunia.cc\/?page_id=2113"},"modified":"2026-02-23T16:37:56","modified_gmt":"2026-02-23T19:37:56","slug":"herramientas-y-servicios","status":"publish","type":"page","link":"https:\/\/dunia.earth\/es\/herramientas-y-servicios\/","title":{"rendered":"Servicios"},"content":{"rendered":"<div class=\"wpb-content-wrapper\"><p>[vc_row full_width=\u00bbstretch_row_content\u00bb gap=\u00bb35&#8243;][vc_column width=\u00bb1\/3&#8243; css=\u00bb.vc_custom_1771859724485{padding-right: 20px !important;padding-left: 20px !important;}\u00bb][vc_icon icon_fontawesome=\u00bbfa fa-regular fa-eye\u00bb color=\u00bbcustom\u00bb size=\u00bbxl\u00bb align=\u00bbcenter\u00bb css=\u00bb\u00bb custom_color=\u00bb#4994AE\u00bb][vc_column_text css=\u00bb\u00bb]<\/p>\n<h3 style=\"text-align: center;\">Comprender un mundo ca\u00f3tico y depredador<\/h3>\n<p style=\"text-align: center;\">Dunia se dedica a la investigaci\u00f3n y al intercambio de conocimientos para ayudar a <strong>comprender las correlaciones de fuerza del siglo XXI<\/strong>. Este enfoque es imprescindible, ya que la mayor\u00eda de los \u00e1mbitos de acci\u00f3n colectiva se basan en l\u00f3gicas de influencia y relaciones de poder materiales e inmateriales. Dunia ha aprendido a <strong>descifrar todas las capas visibles e invisibles que componen el conjunto del edificio estrat\u00e9gico<\/strong>. Nuestra conclusi\u00f3n es que la realidad de los enfrentamientos va mucho m\u00e1s all\u00e1 de los marcos medi\u00e1ticos y anal\u00edticos actuales.<br \/>\nEn esa \u00f3ptica, publicamos <strong>ideas<\/strong>, organizamos <strong>cursos de formaci\u00f3n<\/strong>, <strong>iniciativas<\/strong> interculturales, <strong>seminarios web<\/strong> y otros tipos de actividades en red para acompa\u00f1ar el <strong>progreso estrat\u00e9gico de las organizaciones<\/strong>.<\/p>\n<p>[\/vc_column_text][vc_column_text css=\u00bb\u00bb][\/vc_column_text][\/vc_column][vc_column width=\u00bb1\/3&#8243; css=\u00bb.vc_custom_1771859730372{padding-right: 20px !important;padding-left: 20px !important;}\u00bb][vc_icon icon_fontawesome=\u00bbfa fa-solid fa-hands-holding-circle\u00bb color=\u00bbcustom\u00bb size=\u00bbxl\u00bb align=\u00bbcenter\u00bb css=\u00bb\u00bb custom_color=\u00bb#4994AE\u00bb][vc_column_text css=\u00bb\u00bb]<\/p>\n<h3 style=\"text-align: center;\">Moldear y controlar su entorno<\/h3>\n<p style=\"text-align: center;\">El entorno de una entidad institucional o econ\u00f3mica depende de las correlaciones de fuerza existentes y de la forma en que los actores se implican en la <strong>influencia y la estructuraci\u00f3n de ese mismo entorno<\/strong>. En lugar de adoptar un enfoque pasivo o exclusivamente defensivo, las organizaciones tienen mucho para ganar si establecen una hoja de ruta ofensiva, respetuosa con el Otro y las sociedades, pero capaz de <strong>modelar el entorno seg\u00fan sus intereses y su agenda estrat\u00e9gica<\/strong>. Esta problem\u00e1tica cruza cuestiones interculturales, ling\u00fc\u00edsticas, conflictivas, geoecon\u00f3micas e informacionales. Dunia acompa\u00f1a a los actores en la <strong>modelaci\u00f3n de su entorno<\/strong> en el plano conflictivo (<em>due diligence<\/em>, competitividad, cartograf\u00eda de ecosistemas, relaciones interculturales) y en la <strong>gesti\u00f3n de los riesgos econ\u00f3micos e informacionales<\/strong>.<\/p>\n<p>[\/vc_column_text][\/vc_column][vc_column width=\u00bb1\/3&#8243; css=\u00bb.vc_custom_1771859737528{padding-right: 20px !important;padding-left: 20px !important;}\u00bb][vc_icon icon_fontawesome=\u00bbfa fa-regular fa-compass\u00bb color=\u00bbcustom\u00bb size=\u00bbxl\u00bb align=\u00bbcenter\u00bb css=\u00bb\u00bb custom_color=\u00bb#4994AE\u00bb][vc_column_text css=\u00bb\u00bb]<\/p>\n<h3 style=\"text-align: center;\">Construir su ecosistema informacional<\/h3>\n<p style=\"text-align: center;\">Dunia estudia las <strong>herramientas digitales<\/strong> adecuadas para las organizaciones y asume la infogesti\u00f3n de una <strong>amplia gama de herramientas<\/strong> dise\u00f1adas para la <strong>organizaci\u00f3n, el trabajo en red y la inteligencia estrat\u00e9gica<\/strong>. Puede tratarse de boletines informativos, revistas, libros, cuentas de correo electr\u00f3nico corporativas, listas de distribuci\u00f3n, intercambio de datos en equipo, sitios web, creaci\u00f3n de comunidades en l\u00ednea, gesti\u00f3n de proyectos, ense\u00f1anza a distancia, videoconferencias, navegaci\u00f3n segura y an\u00f3nima, servidores de v\u00eddeo, edici\u00f3n colaborativa, cartograf\u00eda, investigaci\u00f3n cualitativa u OSINT. Estas soluciones metodol\u00f3gicas y t\u00e9cnicas se eligen en el marco de un enfoque de <strong>comunicaci\u00f3n en red, interoperabilidad y manejo propio del sistema de informaci\u00f3n<\/strong>.<\/p>\n<p>[\/vc_column_text][\/vc_column][\/vc_row][vc_row full_width=\u00bbstretch_row_content\u00bb el_id=\u00bboutils\u00bb][vc_column css=\u00bb.vc_custom_1516071124690{margin: 0px !important;border-width: 0px !important;padding: 0px !important;}\u00bb][vc_row_inner][vc_column_inner][vc_separator el_width=\u00bb30&#8243; css=\u00bb.vc_custom_1771616045582{padding-top: 40px !important;padding-bottom: 40px !important;}\u00bb][\/vc_column_inner][\/vc_row_inner][\/vc_column][\/vc_row][vc_row css=\u00bb.vc_custom_1771627096269{padding-top: 40px !important;padding-bottom: 30px !important;}\u00bb][vc_column][vc_column_text css=\u00bb\u00bb]<\/p>\n<h1 style=\"text-align: center;\">Tecnolog\u00edas digitales<\/h1>\n<p>[\/vc_column_text][\/vc_column][\/vc_row][vc_row][vc_column width=\u00bb1\/2&#8243;][vc_media_grid element_width=\u00bb3&#8243; gap=\u00bb20&#8243; item=\u00bb742&#8243; css=\u00bb.vc_custom_1771622036762{padding-right: 20px !important;padding-left: 20px !important;}\u00bb initial_loading_animation=\u00bbzoomIn\u00bb grid_id=\u00bbvc_gid:1771875453945-4f59538c-07c9-4&#8243; include=\u00bb5112,5262,5172,6685,5166,5366,6097,6090,5360,5208,7625,5118,6280,5130,5250,5232,5214&#8243;][\/vc_column][vc_column width=\u00bb1\/2&#8243;][vc_media_grid element_width=\u00bb3&#8243; gap=\u00bb20&#8243; item=\u00bb742&#8243; css=\u00bb.vc_custom_1771627672930{padding-right: 20px !important;padding-left: 20px !important;}\u00bb initial_loading_animation=\u00bbzoomIn\u00bb grid_id=\u00bbvc_gid:1771875453949-b35874dc-07e9-8&#8243; include=\u00bb5208,5196,6273,5063,7662,6880,5148,5130,6280,5069,5299,5087,5093,5099,5105,6700,5298&#8243;][\/vc_column][\/vc_row][vc_row][vc_column][\/vc_column][\/vc_row]<\/p>\n<\/div>","protected":false},"excerpt":{"rendered":"<p>[vc_row full_width=\u00bbstretch_row_content\u00bb gap=\u00bb35&#8243;][vc_column width=\u00bb1\/3&#8243; css=\u00bb.vc_custom_1771859724485{padding-right: 20px !important;padding-left: 20px !important;}\u00bb][vc_icon icon_fontawesome=\u00bbfa fa-regular fa-eye\u00bb color=\u00bbcustom\u00bb size=\u00bbxl\u00bb align=\u00bbcenter\u00bb css=\u00bb\u00bb custom_color=\u00bb#4994AE\u00bb][vc_column_text css=\u00bb\u00bb] Comprender un mundo ca\u00f3tico y depredador Dunia se dedica a la investigaci\u00f3n y al intercambio de conocimientos para ayudar a comprender las correlaciones de fuerza del siglo XXI. Este enfoque es imprescindible, ya que la mayor\u00eda de&hellip;<\/p>\n","protected":false},"author":2,"featured_media":7336,"parent":0,"menu_order":0,"comment_status":"closed","ping_status":"open","template":"","meta":{"footnotes":""},"class_list":["post-2113","page","type-page","status-publish","has-post-thumbnail","hentry","description-off"],"yoast_head":"<!-- This site is optimized with the Yoast SEO plugin v27.3 - https:\/\/yoast.com\/product\/yoast-seo-wordpress\/ -->\n<title>Servicios - Plataforma Dunia<\/title>\n<meta name=\"robots\" content=\"index, follow, max-snippet:-1, max-image-preview:large, max-video-preview:-1\" \/>\n<link rel=\"canonical\" href=\"https:\/\/dunia.earth\/es\/herramientas-y-servicios\/\" \/>\n<meta property=\"og:locale\" content=\"es_ES\" \/>\n<meta property=\"og:type\" content=\"article\" \/>\n<meta property=\"og:title\" content=\"Servicios - Plataforma Dunia\" \/>\n<meta property=\"og:description\" content=\"[vc_row full_width=\u00bbstretch_row_content\u00bb gap=\u00bb35&#8243;][vc_column width=\u00bb1\/3&#8243; css=\u00bb.vc_custom_1771859724485{padding-right: 20px !important;padding-left: 20px !important;}\u00bb][vc_icon icon_fontawesome=\u00bbfa fa-regular fa-eye\u00bb color=\u00bbcustom\u00bb size=\u00bbxl\u00bb align=\u00bbcenter\u00bb css=\u00bb\u00bb custom_color=\u00bb#4994AE\u00bb][vc_column_text css=\u00bb\u00bb] Comprender un mundo ca\u00f3tico y depredador Dunia se dedica a la investigaci\u00f3n y al intercambio de conocimientos para ayudar a comprender las correlaciones de fuerza del siglo XXI. Este enfoque es imprescindible, ya que la mayor\u00eda de&hellip;\" \/>\n<meta property=\"og:url\" content=\"https:\/\/dunia.earth\/es\/herramientas-y-servicios\/\" \/>\n<meta property=\"og:site_name\" content=\"Plataforma Dunia\" \/>\n<meta property=\"article:modified_time\" content=\"2026-02-23T19:37:56+00:00\" \/>\n<meta property=\"og:image\" content=\"https:\/\/dunia.earth\/wp-content\/uploads\/sites\/20\/2025\/12\/digital_tools2.jpg\" \/>\n\t<meta property=\"og:image:width\" content=\"1920\" \/>\n\t<meta property=\"og:image:height\" content=\"1088\" \/>\n\t<meta property=\"og:image:type\" content=\"image\/jpeg\" \/>\n<meta name=\"twitter:card\" content=\"summary_large_image\" \/>\n<meta name=\"twitter:label1\" content=\"Tiempo de lectura\" \/>\n\t<meta name=\"twitter:data1\" content=\"4 minutos\" \/>\n<script type=\"application\/ld+json\" class=\"yoast-schema-graph\">{\"@context\":\"https:\\\/\\\/schema.org\",\"@graph\":[{\"@type\":\"WebPage\",\"@id\":\"https:\\\/\\\/dunia.earth\\\/es\\\/herramientas-y-servicios\\\/\",\"url\":\"https:\\\/\\\/dunia.earth\\\/es\\\/herramientas-y-servicios\\\/\",\"name\":\"Servicios - Plataforma Dunia\",\"isPartOf\":{\"@id\":\"https:\\\/\\\/dunia.earth\\\/#website\"},\"primaryImageOfPage\":{\"@id\":\"https:\\\/\\\/dunia.earth\\\/es\\\/herramientas-y-servicios\\\/#primaryimage\"},\"image\":{\"@id\":\"https:\\\/\\\/dunia.earth\\\/es\\\/herramientas-y-servicios\\\/#primaryimage\"},\"thumbnailUrl\":\"https:\\\/\\\/dunia.earth\\\/wp-content\\\/uploads\\\/sites\\\/20\\\/2025\\\/12\\\/digital_tools2.jpg\",\"datePublished\":\"2019-06-10T14:57:58+00:00\",\"dateModified\":\"2026-02-23T19:37:56+00:00\",\"breadcrumb\":{\"@id\":\"https:\\\/\\\/dunia.earth\\\/es\\\/herramientas-y-servicios\\\/#breadcrumb\"},\"inLanguage\":\"es\",\"potentialAction\":[{\"@type\":\"ReadAction\",\"target\":[\"https:\\\/\\\/dunia.earth\\\/es\\\/herramientas-y-servicios\\\/\"]}]},{\"@type\":\"ImageObject\",\"inLanguage\":\"es\",\"@id\":\"https:\\\/\\\/dunia.earth\\\/es\\\/herramientas-y-servicios\\\/#primaryimage\",\"url\":\"https:\\\/\\\/dunia.earth\\\/wp-content\\\/uploads\\\/sites\\\/20\\\/2025\\\/12\\\/digital_tools2.jpg\",\"contentUrl\":\"https:\\\/\\\/dunia.earth\\\/wp-content\\\/uploads\\\/sites\\\/20\\\/2025\\\/12\\\/digital_tools2.jpg\",\"width\":1920,\"height\":1088},{\"@type\":\"BreadcrumbList\",\"@id\":\"https:\\\/\\\/dunia.earth\\\/es\\\/herramientas-y-servicios\\\/#breadcrumb\",\"itemListElement\":[{\"@type\":\"ListItem\",\"position\":1,\"name\":\"In\u00edcio\",\"item\":\"https:\\\/\\\/dunia.earth\\\/es\\\/\"},{\"@type\":\"ListItem\",\"position\":2,\"name\":\"Servicios\"}]},{\"@type\":\"WebSite\",\"@id\":\"https:\\\/\\\/dunia.earth\\\/#website\",\"url\":\"https:\\\/\\\/dunia.earth\\\/\",\"name\":\"Plataforma Dunia\",\"description\":\"Herramientas digitales libres y comunicaci\u00f3n en red al servicio de las transiciones geopol\u00edticas y ciudadanas\",\"publisher\":{\"@id\":\"https:\\\/\\\/dunia.earth\\\/#organization\"},\"potentialAction\":[{\"@type\":\"SearchAction\",\"target\":{\"@type\":\"EntryPoint\",\"urlTemplate\":\"https:\\\/\\\/dunia.earth\\\/?s={search_term_string}\"},\"query-input\":{\"@type\":\"PropertyValueSpecification\",\"valueRequired\":true,\"valueName\":\"search_term_string\"}}],\"inLanguage\":\"es\"},{\"@type\":\"Organization\",\"@id\":\"https:\\\/\\\/dunia.earth\\\/#organization\",\"name\":\"Dunia\",\"url\":\"https:\\\/\\\/dunia.earth\\\/\",\"logo\":{\"@type\":\"ImageObject\",\"inLanguage\":\"es\",\"@id\":\"https:\\\/\\\/dunia.earth\\\/#\\\/schema\\\/logo\\\/image\\\/\",\"url\":\"https:\\\/\\\/dunia.earth\\\/wp-content\\\/uploads\\\/sites\\\/20\\\/2018\\\/01\\\/ellipse4853.png\",\"contentUrl\":\"https:\\\/\\\/dunia.earth\\\/wp-content\\\/uploads\\\/sites\\\/20\\\/2018\\\/01\\\/ellipse4853.png\",\"width\":300,\"height\":307,\"caption\":\"Dunia\"},\"image\":{\"@id\":\"https:\\\/\\\/dunia.earth\\\/#\\\/schema\\\/logo\\\/image\\\/\"}}]}<\/script>\n<!-- \/ Yoast SEO plugin. -->","yoast_head_json":{"title":"Servicios - Plataforma Dunia","robots":{"index":"index","follow":"follow","max-snippet":"max-snippet:-1","max-image-preview":"max-image-preview:large","max-video-preview":"max-video-preview:-1"},"canonical":"https:\/\/dunia.earth\/es\/herramientas-y-servicios\/","og_locale":"es_ES","og_type":"article","og_title":"Servicios - Plataforma Dunia","og_description":"[vc_row full_width=\u00bbstretch_row_content\u00bb gap=\u00bb35&#8243;][vc_column width=\u00bb1\/3&#8243; css=\u00bb.vc_custom_1771859724485{padding-right: 20px !important;padding-left: 20px !important;}\u00bb][vc_icon icon_fontawesome=\u00bbfa fa-regular fa-eye\u00bb color=\u00bbcustom\u00bb size=\u00bbxl\u00bb align=\u00bbcenter\u00bb css=\u00bb\u00bb custom_color=\u00bb#4994AE\u00bb][vc_column_text css=\u00bb\u00bb] Comprender un mundo ca\u00f3tico y depredador Dunia se dedica a la investigaci\u00f3n y al intercambio de conocimientos para ayudar a comprender las correlaciones de fuerza del siglo XXI. Este enfoque es imprescindible, ya que la mayor\u00eda de&hellip;","og_url":"https:\/\/dunia.earth\/es\/herramientas-y-servicios\/","og_site_name":"Plataforma Dunia","article_modified_time":"2026-02-23T19:37:56+00:00","og_image":[{"width":1920,"height":1088,"url":"https:\/\/dunia.earth\/wp-content\/uploads\/sites\/20\/2025\/12\/digital_tools2.jpg","type":"image\/jpeg"}],"twitter_card":"summary_large_image","twitter_misc":{"Tiempo de lectura":"4 minutos"},"schema":{"@context":"https:\/\/schema.org","@graph":[{"@type":"WebPage","@id":"https:\/\/dunia.earth\/es\/herramientas-y-servicios\/","url":"https:\/\/dunia.earth\/es\/herramientas-y-servicios\/","name":"Servicios - Plataforma Dunia","isPartOf":{"@id":"https:\/\/dunia.earth\/#website"},"primaryImageOfPage":{"@id":"https:\/\/dunia.earth\/es\/herramientas-y-servicios\/#primaryimage"},"image":{"@id":"https:\/\/dunia.earth\/es\/herramientas-y-servicios\/#primaryimage"},"thumbnailUrl":"https:\/\/dunia.earth\/wp-content\/uploads\/sites\/20\/2025\/12\/digital_tools2.jpg","datePublished":"2019-06-10T14:57:58+00:00","dateModified":"2026-02-23T19:37:56+00:00","breadcrumb":{"@id":"https:\/\/dunia.earth\/es\/herramientas-y-servicios\/#breadcrumb"},"inLanguage":"es","potentialAction":[{"@type":"ReadAction","target":["https:\/\/dunia.earth\/es\/herramientas-y-servicios\/"]}]},{"@type":"ImageObject","inLanguage":"es","@id":"https:\/\/dunia.earth\/es\/herramientas-y-servicios\/#primaryimage","url":"https:\/\/dunia.earth\/wp-content\/uploads\/sites\/20\/2025\/12\/digital_tools2.jpg","contentUrl":"https:\/\/dunia.earth\/wp-content\/uploads\/sites\/20\/2025\/12\/digital_tools2.jpg","width":1920,"height":1088},{"@type":"BreadcrumbList","@id":"https:\/\/dunia.earth\/es\/herramientas-y-servicios\/#breadcrumb","itemListElement":[{"@type":"ListItem","position":1,"name":"In\u00edcio","item":"https:\/\/dunia.earth\/es\/"},{"@type":"ListItem","position":2,"name":"Servicios"}]},{"@type":"WebSite","@id":"https:\/\/dunia.earth\/#website","url":"https:\/\/dunia.earth\/","name":"Plataforma Dunia","description":"Herramientas digitales libres y comunicaci\u00f3n en red al servicio de las transiciones geopol\u00edticas y ciudadanas","publisher":{"@id":"https:\/\/dunia.earth\/#organization"},"potentialAction":[{"@type":"SearchAction","target":{"@type":"EntryPoint","urlTemplate":"https:\/\/dunia.earth\/?s={search_term_string}"},"query-input":{"@type":"PropertyValueSpecification","valueRequired":true,"valueName":"search_term_string"}}],"inLanguage":"es"},{"@type":"Organization","@id":"https:\/\/dunia.earth\/#organization","name":"Dunia","url":"https:\/\/dunia.earth\/","logo":{"@type":"ImageObject","inLanguage":"es","@id":"https:\/\/dunia.earth\/#\/schema\/logo\/image\/","url":"https:\/\/dunia.earth\/wp-content\/uploads\/sites\/20\/2018\/01\/ellipse4853.png","contentUrl":"https:\/\/dunia.earth\/wp-content\/uploads\/sites\/20\/2018\/01\/ellipse4853.png","width":300,"height":307,"caption":"Dunia"},"image":{"@id":"https:\/\/dunia.earth\/#\/schema\/logo\/image\/"}}]}},"_links":{"self":[{"href":"https:\/\/dunia.earth\/es\/wp-json\/wp\/v2\/pages\/2113","targetHints":{"allow":["GET"]}}],"collection":[{"href":"https:\/\/dunia.earth\/es\/wp-json\/wp\/v2\/pages"}],"about":[{"href":"https:\/\/dunia.earth\/es\/wp-json\/wp\/v2\/types\/page"}],"author":[{"embeddable":true,"href":"https:\/\/dunia.earth\/es\/wp-json\/wp\/v2\/users\/2"}],"replies":[{"embeddable":true,"href":"https:\/\/dunia.earth\/es\/wp-json\/wp\/v2\/comments?post=2113"}],"version-history":[{"count":11,"href":"https:\/\/dunia.earth\/es\/wp-json\/wp\/v2\/pages\/2113\/revisions"}],"predecessor-version":[{"id":7852,"href":"https:\/\/dunia.earth\/es\/wp-json\/wp\/v2\/pages\/2113\/revisions\/7852"}],"wp:featuredmedia":[{"embeddable":true,"href":"https:\/\/dunia.earth\/es\/wp-json\/wp\/v2\/media\/7336"}],"wp:attachment":[{"href":"https:\/\/dunia.earth\/es\/wp-json\/wp\/v2\/media?parent=2113"}],"curies":[{"name":"wp","href":"https:\/\/api.w.org\/{rel}","templated":true}]}}